{"id":7347,"date":"2020-03-31T13:25:00","date_gmt":"2020-03-31T11:25:00","guid":{"rendered":"https:\/\/corippo.holodemo.it\/contact\/"},"modified":"2023-02-21T16:01:13","modified_gmt":"2023-02-21T15:01:13","slug":"kontakte","status":"publish","type":"page","link":"https:\/\/corippoalbergodiffuso.ch\/de\/kontakte\/","title":{"rendered":"Kontakte"},"content":{"rendered":"\t\t<div data-elementor-type=\"wp-page\" data-elementor-id=\"7347\" class=\"elementor elementor-7347 elementor-2531\">\n\t\t\t\t\t\t\t\t\t<section class=\"elementor-section elementor-top-section elementor-element elementor-element-122d027 elementor-section-boxed elementor-section-height-default elementor-section-height-default qodef-elementor-content-no\" data-id=\"122d027\" data-element_type=\"section\">\n\t\t\t\t\t\t<div class=\"elementor-container elementor-column-gap-default\">\n\t\t\t\t\t<div class=\"elementor-column elementor-col-33 elementor-top-column elementor-element elementor-element-642cd1f elementor-invisible\" data-id=\"642cd1f\" data-element_type=\"column\" data-settings=\"{&quot;animation&quot;:&quot;fadeInLeft&quot;}\">\n\t\t\t<div class=\"elementor-widget-wrap elementor-element-populated\">\n\t\t\t\t\t\t\t\t<div class=\"elementor-element elementor-element-9229da7 elementor-widget elementor-widget-heading\" data-id=\"9229da7\" data-element_type=\"widget\" id=\"contact-us\" data-widget_type=\"heading.default\">\n\t\t\t\t<div class=\"elementor-widget-container\">\n\t\t\t<style>\/*! elementor - v3.7.8 - 02-10-2022 *\/\n.elementor-heading-title{padding:0;margin:0;line-height:1}.elementor-widget-heading .elementor-heading-title[class*=elementor-size-]>a{color:inherit;font-size:inherit;line-height:inherit}.elementor-widget-heading .elementor-heading-title.elementor-size-small{font-size:15px}.elementor-widget-heading .elementor-heading-title.elementor-size-medium{font-size:19px}.elementor-widget-heading .elementor-heading-title.elementor-size-large{font-size:29px}.elementor-widget-heading .elementor-heading-title.elementor-size-xl{font-size:39px}.elementor-widget-heading .elementor-heading-title.elementor-size-xxl{font-size:59px}<\/style><h2 class=\"elementor-heading-title elementor-size-default\">Kontakte<\/h2>\t\t<\/div>\n\t\t\t\t<\/div>\n\t\t\t\t\t<\/div>\n\t\t<\/div>\n\t\t\t\t<div class=\"elementor-column elementor-col-66 elementor-top-column elementor-element elementor-element-0a4524a\" data-id=\"0a4524a\" data-element_type=\"column\">\n\t\t\t<div class=\"elementor-widget-wrap elementor-element-populated\">\n\t\t\t\t\t\t\t\t<div class=\"elementor-element elementor-element-dfb26eb elementor-widget elementor-widget-text-editor\" data-id=\"dfb26eb\" data-element_type=\"widget\" data-widget_type=\"text-editor.default\">\n\t\t\t\t<div class=\"elementor-widget-container\">\n\t\t\t<style>\/*! elementor - v3.7.8 - 02-10-2022 *\/\n.elementor-widget-text-editor.elementor-drop-cap-view-stacked .elementor-drop-cap{background-color:#818a91;color:#fff}.elementor-widget-text-editor.elementor-drop-cap-view-framed .elementor-drop-cap{color:#818a91;border:3px solid;background-color:transparent}.elementor-widget-text-editor:not(.elementor-drop-cap-view-default) .elementor-drop-cap{margin-top:8px}.elementor-widget-text-editor:not(.elementor-drop-cap-view-default) .elementor-drop-cap-letter{width:1em;height:1em}.elementor-widget-text-editor .elementor-drop-cap{float:left;text-align:center;line-height:1;font-size:50px}.elementor-widget-text-editor .elementor-drop-cap-letter{display:inline-block}<\/style>\t\t\t\t<p>ciao@corippoalbergodiffuso.ch<\/p>\n<p>+41 91 745 18 71<\/p>\n\t\t\t\t\t\t<\/div>\n\t\t\t\t<\/div>\n\t\t\t\t<div class=\"elementor-element elementor-element-3b0ed76 corippo-cf elementor-widget elementor-widget-qi_addons_for_elementor_contact_form_7\" data-id=\"3b0ed76\" data-element_type=\"widget\" data-widget_type=\"qi_addons_for_elementor_contact_form_7.default\">\n\t\t\t\t<div class=\"elementor-widget-container\">\n\t\t\t<div class=\"qodef-shortcode qodef-m  qodef-qi-contact-form-7 \">\n\t<div role=\"form\" class=\"wpcf7\" id=\"wpcf7-f7716-o1\" lang=\"de-DE\" dir=\"ltr\">\n<div class=\"screen-reader-response\"><p role=\"status\" aria-live=\"polite\" aria-atomic=\"true\"><\/p> <ul><\/ul><\/div>\n<form action=\"\/de\/wp-json\/wp\/v2\/pages\/7347#wpcf7-f7716-o1\" method=\"post\" class=\"wpcf7-form init\" novalidate=\"novalidate\" data-status=\"init\">\n<div style=\"display: none;\">\n<input type=\"hidden\" name=\"_wpcf7\" value=\"7716\" \/>\n<input type=\"hidden\" name=\"_wpcf7_version\" value=\"5.6.3\" \/>\n<input type=\"hidden\" name=\"_wpcf7_locale\" value=\"de_DE\" \/>\n<input type=\"hidden\" name=\"_wpcf7_unit_tag\" value=\"wpcf7-f7716-o1\" \/>\n<input type=\"hidden\" name=\"_wpcf7_container_post\" value=\"0\" \/>\n<input type=\"hidden\" name=\"_wpcf7_posted_data_hash\" value=\"\" \/>\n<input type=\"hidden\" name=\"_wpcf7_recaptcha_response\" value=\"\" \/>\n<\/div>\n<div class=\"qodef-grid qodef-gutter--small\"><div class=\"qodef-grid-inner\"><div class=\"qodef-grid-item\">\n<label> Name*\n    <span class=\"wpcf7-form-control-wrap\" data-name=\"your-name\"><input type=\"text\" name=\"your-name\" value=\"\" size=\"40\" class=\"wpcf7-form-control wpcf7-text wpcf7-validates-as-required\" aria-required=\"true\" aria-invalid=\"false\" \/><\/span> <\/label>\n<\/div><\/div><\/div>\n<div class=\"qodef-grid qodef-gutter--small\"><div class=\"qodef-grid-inner\"><div class=\"qodef-grid-item\">\n<label> E-mail*\n    <span class=\"wpcf7-form-control-wrap\" data-name=\"your-email\"><input type=\"email\" name=\"your-email\" value=\"\" size=\"40\" class=\"wpcf7-form-control wpcf7-text wpcf7-email wpcf7-validates-as-required wpcf7-validates-as-email\" aria-required=\"true\" aria-invalid=\"false\" \/><\/span> <\/label>\n<\/div><\/div><\/div>\n<div class=\"qodef-grid qodef-gutter--normal\"><div class=\"qodef-grid-inner\"><div class=\"qodef-grid-item\">\n<label> Nachricht*\n    <span class=\"wpcf7-form-control-wrap\" data-name=\"your-message\"><textarea name=\"your-message\" cols=\"40\" rows=\"6\" class=\"wpcf7-form-control wpcf7-textarea wpcf7-validates-as-required\" aria-required=\"true\" aria-invalid=\"false\"><\/textarea><\/span> <\/label>\n<\/div><\/div><\/div>\n\n<button type=\"submit\" class=\"wpcf7-form-control wpcf7-submit slide qodef-button qodef-size--normal qodef-type--outlined qodef-m\"><span class=\"qodef-m-text\">Nachricht senden<\/span><\/button><input type='hidden' class='wpcf7-pum' value='{\"closepopup\":false,\"closedelay\":0,\"openpopup\":false,\"openpopup_id\":0}' \/><div class=\"wpcf7-response-output\" aria-hidden=\"true\"><\/div><\/form><\/div><\/div>\n\t\t<\/div>\n\t\t\t\t<\/div>\n\t\t\t\t\t<\/div>\n\t\t<\/div>\n\t\t\t\t\t\t\t<\/div>\n\t\t<\/section>\n\t\t\t\t<section class=\"elementor-section elementor-top-section elementor-element elementor-element-cbc5d65 elementor-section-boxed elementor-section-height-default elementor-section-height-default qodef-elementor-content-no\" data-id=\"cbc5d65\" data-element_type=\"section\">\n\t\t\t\t\t\t<div class=\"elementor-container elementor-column-gap-default\">\n\t\t\t\t\t<div class=\"elementor-column elementor-col-100 elementor-top-column elementor-element elementor-element-2a62602\" data-id=\"2a62602\" data-element_type=\"column\">\n\t\t\t<div class=\"elementor-widget-wrap elementor-element-populated\">\n\t\t\t\t\t\t\t\t<div class=\"elementor-element elementor-element-56eda36 elementor-widget elementor-widget-spacer\" data-id=\"56eda36\" data-element_type=\"widget\" id=\"road-to-corippo\" data-widget_type=\"spacer.default\">\n\t\t\t\t<div class=\"elementor-widget-container\">\n\t\t\t<style>\/*! elementor - v3.7.8 - 02-10-2022 *\/\n.elementor-column .elementor-spacer-inner{height:var(--spacer-size)}.e-container{--container-widget-width:100%}.e-container>.elementor-widget-spacer{width:var(--container-widget-width,var(--spacer-size));-ms-flex-item-align:stretch;align-self:stretch;-ms-flex-negative:0;flex-shrink:0}.e-container>.elementor-widget-spacer>.elementor-widget-container,.e-container>.elementor-widget-spacer>.elementor-widget-container>.elementor-spacer{height:100%}.e-container>.elementor-widget-spacer>.elementor-widget-container>.elementor-spacer>.elementor-spacer-inner{height:var(--container-widget-height,var(--spacer-size))}<\/style>\t\t<div class=\"elementor-spacer\">\n\t\t\t<div class=\"elementor-spacer-inner\"><\/div>\n\t\t<\/div>\n\t\t\t\t<\/div>\n\t\t\t\t<\/div>\n\t\t\t\t\t<\/div>\n\t\t<\/div>\n\t\t\t\t\t\t\t<\/div>\n\t\t<\/section>\n\t\t\t\t<section class=\"elementor-section elementor-top-section elementor-element elementor-element-48c24dc elementor-section-boxed elementor-section-height-default elementor-section-height-default qodef-elementor-content-no\" data-id=\"48c24dc\" data-element_type=\"section\">\n\t\t\t\t\t\t<div class=\"elementor-container elementor-column-gap-default\">\n\t\t\t\t\t<div class=\"elementor-column elementor-col-33 elementor-top-column elementor-element elementor-element-ac9ca82 elementor-invisible\" data-id=\"ac9ca82\" data-element_type=\"column\" data-settings=\"{&quot;animation&quot;:&quot;fadeInLeft&quot;}\">\n\t\t\t<div class=\"elementor-widget-wrap elementor-element-populated\">\n\t\t\t\t\t\t\t\t<div class=\"elementor-element elementor-element-a98e847 elementor-widget elementor-widget-heading\" data-id=\"a98e847\" data-element_type=\"widget\" data-widget_type=\"heading.default\">\n\t\t\t\t<div class=\"elementor-widget-container\">\n\t\t\t<h2 class=\"elementor-heading-title elementor-size-default\">Wie man nach Corippo kommt<\/h2>\t\t<\/div>\n\t\t\t\t<\/div>\n\t\t\t\t\t<\/div>\n\t\t<\/div>\n\t\t\t\t<div class=\"elementor-column elementor-col-66 elementor-top-column elementor-element elementor-element-67869bb\" data-id=\"67869bb\" data-element_type=\"column\">\n\t\t\t<div class=\"elementor-widget-wrap elementor-element-populated\">\n\t\t\t\t\t\t\t\t<div class=\"elementor-element elementor-element-19ddfe7 elementor-widget elementor-widget-text-editor\" data-id=\"19ddfe7\" data-element_type=\"widget\" data-widget_type=\"text-editor.default\">\n\t\t\t\t<div class=\"elementor-widget-container\">\n\t\t\t\t\t\t\t<p style=\"background-color: #171411;\">Besuchen Sie uns im albergo diffuso<\/p>\n<p style=\"background-color: #171411;\">23 Bassa Corippo<\/p>\n<p style=\"background-color: #171411;\">Corippo, 6631, Svizzera<\/p>\n<p style=\"background-color: #171411;\">\n<\/p><p style=\"background-color: #171411;\">In einem Slow Tourism -Geist ist der beste Weg nach Corippo, das Dorf zu Fu\u00df zu erreichen: \u00fcber die Wanderwege am rechten Ufer der Verzasca, von Mergoscia (1St30Min) oder von Lavertezzo (45 Min.). Vom Bahnhof Tenero aus bringt Sie der Bus B321 jede Stunde in 25 Minuten zur Bushaltestelle &#8222;Corippo, Bivio &#8222;, die 15 Gehminuten vom Dorf entfernt ist. In Zusammenarbeit mit Ticino Turismo bieten wir Ihnen das &#8222;Ticino Ticket &#8220; bei Ihrer Ankunft an : es ist Ihr idealer Verbund, um Sie w\u00e4hrend Ihres Aufenthaltes kostenlos im ganzen Kanton zu bewegen ! Wenn Sie uns mit dem Auto erreichen m\u00f6chten, hat Corippo 15 kostenlose (aber sehr begehrte) \u00f6ffentliche Parkpl\u00e4tze. Sie k\u00f6nnen auch Ihr Fahrzeug an der Stra\u00dfe parken, die zum Dorf f\u00fchrt.<\/p>\t\t\t\t\t\t<\/div>\n\t\t\t\t<\/div>\n\t\t\t\t<div class=\"elementor-element elementor-element-5c36734 corippo-maps elementor-widget elementor-widget-google_maps\" data-id=\"5c36734\" data-element_type=\"widget\" data-widget_type=\"google_maps.default\">\n\t\t\t\t<div class=\"elementor-widget-container\">\n\t\t\t<style>\/*! elementor - v3.7.8 - 02-10-2022 *\/\n.elementor-widget-google_maps .elementor-widget-container{overflow:hidden}.elementor-widget-google_maps iframe{height:300px}<\/style>\t\t<div class=\"elementor-custom-embed\">\n\t\t\t<iframe frameborder=\"0\" scrolling=\"no\" marginheight=\"0\" marginwidth=\"0\"\n\t\t\t\t\tsrc=\"https:\/\/maps.google.com\/maps?q=Bassa%20Corippo%2023%2C%206631%20Corippo%2C%20Svizzera&#038;t=m&#038;z=10&#038;output=embed&#038;iwloc=near\"\n\t\t\t\t\ttitle=\"Bassa Corippo 23, 6631 Corippo, Svizzera\"\n\t\t\t\t\taria-label=\"Bassa Corippo 23, 6631 Corippo, Svizzera\"\n\t\t\t><\/iframe>\n\t\t<\/div>\n\t\t\t\t<\/div>\n\t\t\t\t<\/div>\n\t\t\t\t\t<\/div>\n\t\t<\/div>\n\t\t\t\t\t\t\t<\/div>\n\t\t<\/section>\n\t\t\t\t<section class=\"elementor-section elementor-top-section elementor-element elementor-element-13520b4 elementor-section-boxed elementor-section-height-default elementor-section-height-default qodef-elementor-content-no\" data-id=\"13520b4\" data-element_type=\"section\">\n\t\t\t\t\t\t<div class=\"elementor-container elementor-column-gap-default\">\n\t\t\t\t\t<div class=\"elementor-column elementor-col-100 elementor-top-column elementor-element elementor-element-cdfec9e\" data-id=\"cdfec9e\" data-element_type=\"column\">\n\t\t\t<div class=\"elementor-widget-wrap elementor-element-populated\">\n\t\t\t\t\t\t\t\t<div class=\"elementor-element elementor-element-fa835c4 elementor-widget elementor-widget-spacer\" data-id=\"fa835c4\" data-element_type=\"widget\" data-widget_type=\"spacer.default\">\n\t\t\t\t<div class=\"elementor-widget-container\">\n\t\t\t\t\t<div class=\"elementor-spacer\">\n\t\t\t<div class=\"elementor-spacer-inner\"><\/div>\n\t\t<\/div>\n\t\t\t\t<\/div>\n\t\t\t\t<\/div>\n\t\t\t\t\t<\/div>\n\t\t<\/div>\n\t\t\t\t\t\t\t<\/div>\n\t\t<\/section>\n\t\t\t\t\t\t\t<\/div>\n\t\t","protected":false},"excerpt":{"rendered":"<p>Kontakte ciao@corippoalbergodiffuso.ch +41 91 745 18 71 Nome* Email* Messaggio* Invia messaggio Wie man nach Corippo kommt Besuchen Sie uns im albergo diffuso 23 Bassa Corippo Corippo, 6631, Svizzera In einem Slow Tourism -Geist ist der beste Weg nach Corippo, das Dorf zu Fu\u00df zu erreichen: \u00fcber die Wanderwege am rechten Ufer der Verzasca, von [&hellip;]<\/p>\n","protected":false},"author":1,"featured_media":0,"parent":0,"menu_order":0,"comment_status":"closed","ping_status":"closed","template":"page-full-width.php","meta":{"footnotes":""},"class_list":["post-7347","page","type-page","status-publish","hentry"],"yoast_head":"<!-- This site is optimized with the Yoast SEO plugin v19.10 - https:\/\/yoast.com\/wordpress\/plugins\/seo\/ -->\n<title>Kontakte - Corippo<\/title>\n<meta name=\"robots\" content=\"index, follow, max-snippet:-1, max-image-preview:large, max-video-preview:-1\" \/>\n<link rel=\"canonical\" href=\"https:\/\/corippoalbergodiffuso.ch\/de\/kontakte\/\" \/>\n<meta property=\"og:locale\" content=\"de_DE\" \/>\n<meta property=\"og:type\" content=\"article\" \/>\n<meta property=\"og:title\" content=\"Kontakte - Corippo\" \/>\n<meta property=\"og:description\" content=\"Kontakte ciao@corippoalbergodiffuso.ch +41 91 745 18 71 Nome* Email* Messaggio* Invia messaggio Wie man nach Corippo kommt Besuchen Sie uns im albergo diffuso 23 Bassa Corippo Corippo, 6631, Svizzera In einem Slow Tourism -Geist ist der beste Weg nach Corippo, das Dorf zu Fu\u00df zu erreichen: \u00fcber die Wanderwege am rechten Ufer der Verzasca, von [&hellip;]\" \/>\n<meta property=\"og:url\" content=\"https:\/\/corippoalbergodiffuso.ch\/de\/kontakte\/\" \/>\n<meta property=\"og:site_name\" content=\"Corippo\" \/>\n<meta property=\"article:modified_time\" content=\"2023-02-21T15:01:13+00:00\" \/>\n<meta name=\"twitter:card\" content=\"summary_large_image\" \/>\n<meta name=\"twitter:label1\" content=\"Gesch\u00e4tzte Lesezeit\" \/>\n\t<meta name=\"twitter:data1\" content=\"1\u00a0Minute\" \/>\n<script type=\"application\/ld+json\" class=\"yoast-schema-graph\">{\"@context\":\"https:\/\/schema.org\",\"@graph\":[{\"@type\":\"WebPage\",\"@id\":\"https:\/\/corippoalbergodiffuso.ch\/de\/kontakte\/\",\"url\":\"https:\/\/corippoalbergodiffuso.ch\/de\/kontakte\/\",\"name\":\"Kontakte - Corippo\",\"isPartOf\":{\"@id\":\"https:\/\/corippoalbergodiffuso.ch\/fr\/#website\"},\"datePublished\":\"2020-03-31T11:25:00+00:00\",\"dateModified\":\"2023-02-21T15:01:13+00:00\",\"breadcrumb\":{\"@id\":\"https:\/\/corippoalbergodiffuso.ch\/de\/kontakte\/#breadcrumb\"},\"inLanguage\":\"de\",\"potentialAction\":[{\"@type\":\"ReadAction\",\"target\":[\"https:\/\/corippoalbergodiffuso.ch\/de\/kontakte\/\"]}]},{\"@type\":\"BreadcrumbList\",\"@id\":\"https:\/\/corippoalbergodiffuso.ch\/de\/kontakte\/#breadcrumb\",\"itemListElement\":[{\"@type\":\"ListItem\",\"position\":1,\"name\":\"Home\",\"item\":\"https:\/\/corippoalbergodiffuso.ch\/it\/\"},{\"@type\":\"ListItem\",\"position\":2,\"name\":\"Kontakte\"}]},{\"@type\":\"WebSite\",\"@id\":\"https:\/\/corippoalbergodiffuso.ch\/fr\/#website\",\"url\":\"https:\/\/corippoalbergodiffuso.ch\/fr\/\",\"name\":\"Corippo\",\"description\":\"\",\"publisher\":{\"@id\":\"https:\/\/corippoalbergodiffuso.ch\/fr\/#organization\"},\"potentialAction\":[{\"@type\":\"SearchAction\",\"target\":{\"@type\":\"EntryPoint\",\"urlTemplate\":\"https:\/\/corippoalbergodiffuso.ch\/fr\/?s={search_term_string}\"},\"query-input\":\"required name=search_term_string\"}],\"inLanguage\":\"de\"},{\"@type\":\"Organization\",\"@id\":\"https:\/\/corippoalbergodiffuso.ch\/fr\/#organization\",\"name\":\"Corippo Albergo Diffuso\",\"url\":\"https:\/\/corippoalbergodiffuso.ch\/fr\/\",\"logo\":{\"@type\":\"ImageObject\",\"inLanguage\":\"de\",\"@id\":\"https:\/\/corippoalbergodiffuso.ch\/fr\/#\/schema\/logo\/image\/\",\"url\":\"https:\/\/corippoalbergodiffuso.ch\/wp-content\/uploads\/2022\/11\/logo-black.svg\",\"contentUrl\":\"https:\/\/corippoalbergodiffuso.ch\/wp-content\/uploads\/2022\/11\/logo-black.svg\",\"width\":100,\"height\":31,\"caption\":\"Corippo Albergo Diffuso\"},\"image\":{\"@id\":\"https:\/\/corippoalbergodiffuso.ch\/fr\/#\/schema\/logo\/image\/\"}}]}<\/script>\n<!-- \/ Yoast SEO plugin. -->","yoast_head_json":{"title":"Kontakte - Corippo","robots":{"index":"index","follow":"follow","max-snippet":"max-snippet:-1","max-image-preview":"max-image-preview:large","max-video-preview":"max-video-preview:-1"},"canonical":"https:\/\/corippoalbergodiffuso.ch\/de\/kontakte\/","og_locale":"de_DE","og_type":"article","og_title":"Kontakte - Corippo","og_description":"Kontakte ciao@corippoalbergodiffuso.ch +41 91 745 18 71 Nome* Email* Messaggio* Invia messaggio Wie man nach Corippo kommt Besuchen Sie uns im albergo diffuso 23 Bassa Corippo Corippo, 6631, Svizzera In einem Slow Tourism -Geist ist der beste Weg nach Corippo, das Dorf zu Fu\u00df zu erreichen: \u00fcber die Wanderwege am rechten Ufer der Verzasca, von [&hellip;]","og_url":"https:\/\/corippoalbergodiffuso.ch\/de\/kontakte\/","og_site_name":"Corippo","article_modified_time":"2023-02-21T15:01:13+00:00","twitter_card":"summary_large_image","twitter_misc":{"Gesch\u00e4tzte Lesezeit":"1\u00a0Minute"},"schema":{"@context":"https:\/\/schema.org","@graph":[{"@type":"WebPage","@id":"https:\/\/corippoalbergodiffuso.ch\/de\/kontakte\/","url":"https:\/\/corippoalbergodiffuso.ch\/de\/kontakte\/","name":"Kontakte - Corippo","isPartOf":{"@id":"https:\/\/corippoalbergodiffuso.ch\/fr\/#website"},"datePublished":"2020-03-31T11:25:00+00:00","dateModified":"2023-02-21T15:01:13+00:00","breadcrumb":{"@id":"https:\/\/corippoalbergodiffuso.ch\/de\/kontakte\/#breadcrumb"},"inLanguage":"de","potentialAction":[{"@type":"ReadAction","target":["https:\/\/corippoalbergodiffuso.ch\/de\/kontakte\/"]}]},{"@type":"BreadcrumbList","@id":"https:\/\/corippoalbergodiffuso.ch\/de\/kontakte\/#breadcrumb","itemListElement":[{"@type":"ListItem","position":1,"name":"Home","item":"https:\/\/corippoalbergodiffuso.ch\/it\/"},{"@type":"ListItem","position":2,"name":"Kontakte"}]},{"@type":"WebSite","@id":"https:\/\/corippoalbergodiffuso.ch\/fr\/#website","url":"https:\/\/corippoalbergodiffuso.ch\/fr\/","name":"Corippo","description":"","publisher":{"@id":"https:\/\/corippoalbergodiffuso.ch\/fr\/#organization"},"potentialAction":[{"@type":"SearchAction","target":{"@type":"EntryPoint","urlTemplate":"https:\/\/corippoalbergodiffuso.ch\/fr\/?s={search_term_string}"},"query-input":"required name=search_term_string"}],"inLanguage":"de"},{"@type":"Organization","@id":"https:\/\/corippoalbergodiffuso.ch\/fr\/#organization","name":"Corippo Albergo Diffuso","url":"https:\/\/corippoalbergodiffuso.ch\/fr\/","logo":{"@type":"ImageObject","inLanguage":"de","@id":"https:\/\/corippoalbergodiffuso.ch\/fr\/#\/schema\/logo\/image\/","url":"https:\/\/corippoalbergodiffuso.ch\/wp-content\/uploads\/2022\/11\/logo-black.svg","contentUrl":"https:\/\/corippoalbergodiffuso.ch\/wp-content\/uploads\/2022\/11\/logo-black.svg","width":100,"height":31,"caption":"Corippo Albergo Diffuso"},"image":{"@id":"https:\/\/corippoalbergodiffuso.ch\/fr\/#\/schema\/logo\/image\/"}}]}},"_links":{"self":[{"href":"https:\/\/corippoalbergodiffuso.ch\/de\/wp-json\/wp\/v2\/pages\/7347","targetHints":{"allow":["GET"]}}],"collection":[{"href":"https:\/\/corippoalbergodiffuso.ch\/de\/wp-json\/wp\/v2\/pages"}],"about":[{"href":"https:\/\/corippoalbergodiffuso.ch\/de\/wp-json\/wp\/v2\/types\/page"}],"author":[{"embeddable":true,"href":"https:\/\/corippoalbergodiffuso.ch\/de\/wp-json\/wp\/v2\/users\/1"}],"replies":[{"embeddable":true,"href":"https:\/\/corippoalbergodiffuso.ch\/de\/wp-json\/wp\/v2\/comments?post=7347"}],"version-history":[{"count":14,"href":"https:\/\/corippoalbergodiffuso.ch\/de\/wp-json\/wp\/v2\/pages\/7347\/revisions"}],"predecessor-version":[{"id":8447,"href":"https:\/\/corippoalbergodiffuso.ch\/de\/wp-json\/wp\/v2\/pages\/7347\/revisions\/8447"}],"wp:attachment":[{"href":"https:\/\/corippoalbergodiffuso.ch\/de\/wp-json\/wp\/v2\/media?parent=7347"}],"curies":[{"name":"wp","href":"https:\/\/api.w.org\/{rel}","templated":true}]}}