{"id":7335,"date":"2020-03-23T11:38:45","date_gmt":"2020-03-23T10:38:45","guid":{"rendered":"https:\/\/corippo.holodemo.it\/actualite\/"},"modified":"2022-12-20T16:38:56","modified_gmt":"2022-12-20T15:38:56","slug":"actualite","status":"publish","type":"page","link":"https:\/\/corippoalbergodiffuso.ch\/fr\/actualite\/","title":{"rendered":"Actualit\u00e9"},"content":{"rendered":"\t\t<div data-elementor-type=\"wp-page\" data-elementor-id=\"7335\" class=\"elementor elementor-7335 elementor-694\">\n\t\t\t\t\t\t\t\t\t<section class=\"elementor-section elementor-top-section elementor-element elementor-element-9ac8ae8 elementor-section-boxed elementor-section-height-default elementor-section-height-default qodef-elementor-content-no\" data-id=\"9ac8ae8\" data-element_type=\"section\">\n\t\t\t\t\t\t<div class=\"elementor-container elementor-column-gap-default\">\n\t\t\t\t\t<div class=\"elementor-column elementor-col-100 elementor-top-column elementor-element elementor-element-8220a98\" data-id=\"8220a98\" data-element_type=\"column\">\n\t\t\t<div class=\"elementor-widget-wrap elementor-element-populated\">\n\t\t\t\t\t\t\t\t<div class=\"elementor-element elementor-element-eb133be corippo-header-image elementor-widget elementor-widget-image\" data-id=\"eb133be\" data-element_type=\"widget\" data-widget_type=\"image.default\">\n\t\t\t\t<div class=\"elementor-widget-container\">\n\t\t\t<style>\/*! elementor - v3.7.8 - 02-10-2022 *\/\n.elementor-widget-image{text-align:center}.elementor-widget-image a{display:inline-block}.elementor-widget-image a img[src$=\".svg\"]{width:48px}.elementor-widget-image img{vertical-align:middle;display:inline-block}<\/style>\t\t\t\t\t\t\t\t\t\t\t\t<img decoding=\"async\" width=\"1277\" height=\"518\" src=\"https:\/\/corippoalbergodiffuso.ch\/wp-content\/uploads\/2022\/11\/notizie-evidenza-1.png\" class=\"attachment-2048x2048 size-2048x2048\" alt=\"\" srcset=\"https:\/\/corippoalbergodiffuso.ch\/wp-content\/uploads\/2022\/11\/notizie-evidenza-1.png 1277w, https:\/\/corippoalbergodiffuso.ch\/wp-content\/uploads\/2022\/11\/notizie-evidenza-1-300x122.png 300w, https:\/\/corippoalbergodiffuso.ch\/wp-content\/uploads\/2022\/11\/notizie-evidenza-1-1024x415.png 1024w, https:\/\/corippoalbergodiffuso.ch\/wp-content\/uploads\/2022\/11\/notizie-evidenza-1-768x312.png 768w, https:\/\/corippoalbergodiffuso.ch\/wp-content\/uploads\/2022\/11\/notizie-evidenza-1-600x243.png 600w\" sizes=\"(max-width: 1277px) 100vw, 1277px\" \/>\t\t\t\t\t\t\t\t\t\t\t\t\t\t\t<\/div>\n\t\t\t\t<\/div>\n\t\t\t\t\t<\/div>\n\t\t<\/div>\n\t\t\t\t\t\t\t<\/div>\n\t\t<\/section>\n\t\t\t\t<section class=\"elementor-section elementor-top-section elementor-element elementor-element-d9b7657 elementor-section-boxed elementor-section-height-default elementor-section-height-default qodef-elementor-content-no\" data-id=\"d9b7657\" data-element_type=\"section\">\n\t\t\t\t\t\t<div class=\"elementor-container elementor-column-gap-default\">\n\t\t\t\t\t<div class=\"elementor-column elementor-col-100 elementor-top-column elementor-element elementor-element-48d3342\" data-id=\"48d3342\" data-element_type=\"column\">\n\t\t\t<div class=\"elementor-widget-wrap elementor-element-populated\">\n\t\t\t\t\t\t\t\t<div class=\"elementor-element elementor-element-e67d8ae elementor-widget elementor-widget-spacer\" data-id=\"e67d8ae\" data-element_type=\"widget\" data-widget_type=\"spacer.default\">\n\t\t\t\t<div class=\"elementor-widget-container\">\n\t\t\t<style>\/*! elementor - v3.7.8 - 02-10-2022 *\/\n.elementor-column .elementor-spacer-inner{height:var(--spacer-size)}.e-container{--container-widget-width:100%}.e-container>.elementor-widget-spacer{width:var(--container-widget-width,var(--spacer-size));-ms-flex-item-align:stretch;align-self:stretch;-ms-flex-negative:0;flex-shrink:0}.e-container>.elementor-widget-spacer>.elementor-widget-container,.e-container>.elementor-widget-spacer>.elementor-widget-container>.elementor-spacer{height:100%}.e-container>.elementor-widget-spacer>.elementor-widget-container>.elementor-spacer>.elementor-spacer-inner{height:var(--container-widget-height,var(--spacer-size))}<\/style>\t\t<div class=\"elementor-spacer\">\n\t\t\t<div class=\"elementor-spacer-inner\"><\/div>\n\t\t<\/div>\n\t\t\t\t<\/div>\n\t\t\t\t<\/div>\n\t\t\t\t\t<\/div>\n\t\t<\/div>\n\t\t\t\t\t\t\t<\/div>\n\t\t<\/section>\n\t\t\t\t<section class=\"elementor-section elementor-top-section elementor-element elementor-element-4a4a967 elementor-section-boxed elementor-section-height-default elementor-section-height-default qodef-elementor-content-no\" data-id=\"4a4a967\" data-element_type=\"section\">\n\t\t\t\t\t\t<div class=\"elementor-container elementor-column-gap-no\">\n\t\t\t\t\t<div class=\"elementor-column elementor-col-100 elementor-top-column elementor-element elementor-element-a4cfdc5\" data-id=\"a4cfdc5\" data-element_type=\"column\">\n\t\t\t<div class=\"elementor-widget-wrap elementor-element-populated\">\n\t\t\t\t\t\t\t\t<section class=\"elementor-section elementor-inner-section elementor-element elementor-element-a8091da elementor-section-full_width elementor-section-height-default elementor-section-height-default qodef-elementor-content-no\" data-id=\"a8091da\" data-element_type=\"section\">\n\t\t\t\t\t\t<div class=\"elementor-container elementor-column-gap-default\">\n\t\t\t\t\t<div class=\"elementor-column elementor-col-33 elementor-inner-column elementor-element elementor-element-d70e9a8 elementor-invisible\" data-id=\"d70e9a8\" data-element_type=\"column\" data-settings=\"{&quot;animation&quot;:&quot;fadeInLeft&quot;}\">\n\t\t\t<div class=\"elementor-widget-wrap elementor-element-populated\">\n\t\t\t\t\t\t\t\t<div class=\"elementor-element elementor-element-35b4efb elementor-widget elementor-widget-heading\" data-id=\"35b4efb\" data-element_type=\"widget\" data-widget_type=\"heading.default\">\n\t\t\t\t<div class=\"elementor-widget-container\">\n\t\t\t<style>\/*! elementor - v3.7.8 - 02-10-2022 *\/\n.elementor-heading-title{padding:0;margin:0;line-height:1}.elementor-widget-heading .elementor-heading-title[class*=elementor-size-]>a{color:inherit;font-size:inherit;line-height:inherit}.elementor-widget-heading .elementor-heading-title.elementor-size-small{font-size:15px}.elementor-widget-heading .elementor-heading-title.elementor-size-medium{font-size:19px}.elementor-widget-heading .elementor-heading-title.elementor-size-large{font-size:29px}.elementor-widget-heading .elementor-heading-title.elementor-size-xl{font-size:39px}.elementor-widget-heading .elementor-heading-title.elementor-size-xxl{font-size:59px}<\/style><h3 class=\"elementor-heading-title elementor-size-default\">Actualit\u00e9, articles et interviews<\/h3>\t\t<\/div>\n\t\t\t\t<\/div>\n\t\t\t\t\t<\/div>\n\t\t<\/div>\n\t\t\t\t<div class=\"elementor-column elementor-col-66 elementor-inner-column elementor-element elementor-element-675ae25\" data-id=\"675ae25\" data-element_type=\"column\">\n\t\t\t<div class=\"elementor-widget-wrap elementor-element-populated\">\n\t\t\t\t\t\t\t\t<div class=\"elementor-element elementor-element-d901e06 corippo-news-gallery elementor-widget elementor-widget-alloggio_core_blog_list\" data-id=\"d901e06\" data-element_type=\"widget\" data-widget_type=\"alloggio_core_blog_list.default\">\n\t\t\t\t<div class=\"elementor-widget-container\">\n\t\t\t<div class=\"qodef-shortcode qodef-m  qodef-blog qodef--list qodef-item-layout--standard  qodef--has-animation qodef-grid qodef-layout--columns  qodef-gutter--normal qodef-col-num--2 qodef-item-layout--standard qodef-filter--on qodef-pagination--on qodef-pagination-type--standard qodef-responsive--predefined\" data-options=\"{&quot;plugin&quot;:&quot;alloggio_core&quot;,&quot;module&quot;:&quot;blog\\\/shortcodes&quot;,&quot;shortcode&quot;:&quot;blog-list&quot;,&quot;post_type&quot;:&quot;post&quot;,&quot;next_page&quot;:&quot;2&quot;,&quot;max_pages_num&quot;:1,&quot;behavior&quot;:&quot;columns&quot;,&quot;images_proportion&quot;:&quot;thumbnail&quot;,&quot;columns&quot;:&quot;2&quot;,&quot;columns_responsive&quot;:&quot;predefined&quot;,&quot;space&quot;:&quot;normal&quot;,&quot;posts_per_page&quot;:&quot;999&quot;,&quot;orderby&quot;:&quot;date&quot;,&quot;order&quot;:&quot;DESC&quot;,&quot;additional_params&quot;:&quot;tax&quot;,&quot;tax&quot;:&quot;category&quot;,&quot;layout&quot;:&quot;standard&quot;,&quot;title_tag&quot;:&quot;h3&quot;,&quot;enable_animation&quot;:&quot;yes&quot;,&quot;enable_author_info&quot;:&quot;no&quot;,&quot;enable_read_more&quot;:&quot;yes&quot;,&quot;excerpt_length&quot;:&quot;145&quot;,&quot;enable_filter&quot;:&quot;yes&quot;,&quot;pagination_type&quot;:&quot;standard&quot;,&quot;object_class_name&quot;:&quot;AlloggioCoreBlogListShortcode&quot;,&quot;taxonomy_filter&quot;:&quot;category&quot;,&quot;space_value&quot;:15}\">\n\t\t<div class=\"qodef-m-filter\">\n\t\t\t\t\t<div class=\"qodef-m-filter-items\">\n\t\t\t\t<a class=\"qodef-m-filter-item qodef--active\" href=\"#\" data-taxonomy=\"category\" data-filter=\"*\">\n\t\t\t\t\t<span class=\"qodef-m-filter-item-name\">Montrer tout<\/span>\n\t\t\t\t<\/a>\n\t\t\t\t\t\t\t\t\t<a class=\"qodef-m-filter-item\" href=\"#\" data-taxonomy=\"category\" data-filter=\"revue-de-presse\">\n\t\t\t\t\t\t<span class=\"qodef-m-filter-item-name\">Revue de presse<\/span>\n\t\t\t\t\t<\/a>\n\t\t\t\t\t\t\t<\/div>\n\t\t\t<\/div>\n\t<div class=\"qodef-grid-inner clear\">\n\t\t<article class=\"qodef-e qodef-blog-item qodef-grid-item qodef-item--thumbnail post-7673 post type-post status-publish format-standard hentry category-revue-de-presse tag-voyager tag-accommodation-fr tag-ville\">\n\t<div class=\"qodef-e-inner\">\n\t\t<div class=\"qodef-e-media\">\n\t\t<div class=\"qodef-e-media-image\">\n\t\t<a itemprop=\"url\" href=\"https:\/\/corippoalbergodiffuso.ch\/fr\/comment-ce-village-de-montagne-abandonne-retrouve-une-nouvelle-vie\/\" class=\"custom-news-image-dimensions\">\n\t\t\t<img decoding=\"async\" width=\"1718\" height=\"1718\" src=\"https:\/\/corippoalbergodiffuso.ch\/wp-content\/uploads\/2022\/12\/corippo_-DW-Travel.png\" class=\"attachment-100% size-100%\" alt=\"\" srcset=\"https:\/\/corippoalbergodiffuso.ch\/wp-content\/uploads\/2022\/12\/corippo_-DW-Travel.png 1718w, https:\/\/corippoalbergodiffuso.ch\/wp-content\/uploads\/2022\/12\/corippo_-DW-Travel-300x300.png 300w, https:\/\/corippoalbergodiffuso.ch\/wp-content\/uploads\/2022\/12\/corippo_-DW-Travel-1024x1024.png 1024w, https:\/\/corippoalbergodiffuso.ch\/wp-content\/uploads\/2022\/12\/corippo_-DW-Travel-150x150.png 150w, https:\/\/corippoalbergodiffuso.ch\/wp-content\/uploads\/2022\/12\/corippo_-DW-Travel-768x768.png 768w, https:\/\/corippoalbergodiffuso.ch\/wp-content\/uploads\/2022\/12\/corippo_-DW-Travel-1536x1536.png 1536w, https:\/\/corippoalbergodiffuso.ch\/wp-content\/uploads\/2022\/12\/corippo_-DW-Travel-650x650.png 650w, https:\/\/corippoalbergodiffuso.ch\/wp-content\/uploads\/2022\/12\/corippo_-DW-Travel-1300x1300.png 1300w, https:\/\/corippoalbergodiffuso.ch\/wp-content\/uploads\/2022\/12\/corippo_-DW-Travel-600x600.png 600w, https:\/\/corippoalbergodiffuso.ch\/wp-content\/uploads\/2022\/12\/corippo_-DW-Travel-100x100.png 100w\" sizes=\"(max-width: 1718px) 100vw, 1718px\" \/>\t\t<\/a>\n\t<\/div>\n<\/div>\t\t<div class=\"qodef-e-content\">\n\t\t\t<div class=\"qodef-e-info qodef-info--top\">\n\t\t\t\t<div itemprop=\"dateCreated\" class=\"qodef-e-info-item qodef-e-info-date entry-date \">\n\t<a itemprop=\"url\" href=\"https:\/\/corippoalbergodiffuso.ch\/fr\/2022\/08\/\">31 ao\u00fbt 2022<\/a>\n\t<meta itemprop=\"interactionCount\" content=\"UserComments: 0\"\/>\n<\/div>\t\t\t<\/div>\n\t\t\t<div class=\"qodef-e-text\">\n\t\t\t\t<h3 itemprop=\"name\" class=\"qodef-e-title entry-title\" >\n\t<a itemprop=\"url\" class=\"qodef-e-title-link\" href=\"https:\/\/corippoalbergodiffuso.ch\/fr\/comment-ce-village-de-montagne-abandonne-retrouve-une-nouvelle-vie\/\">\n\t\tComment ce village de montagne abandonn\u00e9 retrouve une nouvelle vie\t<\/a>\n<\/h3>\t\t<p itemprop=\"description\" class=\"qodef-e-excerpt\">Dans le canton suisse du Tessin, une jeune famille transforme un village entier en h\u00f4tel.<\/p>\n\t\t\t\t<\/div>\n\t\t\t\t\t\t\t<div class=\"qodef-e-info qodef-info--bottom\">\n\t\t\t\t\t\t<div class=\"qodef-e-read-more\">\n\t\t<a class=\"qodef-shortcode qodef-m  qodef-button qodef-layout--textual  qodef-html--link\" href=\"https:\/\/corippoalbergodiffuso.ch\/fr\/comment-ce-village-de-montagne-abandonne-retrouve-une-nouvelle-vie\/\" target=\"_self\"  >\t<span class=\"qodef-m-text\">Lire la suite<\/span>\t<span class=\"qodef-m-plus\"><\/span><\/a>\t<\/div>\n\t\t\t\t<\/div>\n\t\t\t\t\t<\/div>\n\t<\/div>\n<\/article><article class=\"qodef-e qodef-blog-item qodef-grid-item qodef-item--thumbnail post-7684 post type-post status-publish format-standard hentry category-revue-de-presse tag-accommodation-fr tag-ville tag-voyager\">\n\t<div class=\"qodef-e-inner\">\n\t\t<div class=\"qodef-e-media\">\n\t\t<div class=\"qodef-e-media-image\">\n\t\t<a itemprop=\"url\" href=\"https:\/\/corippoalbergodiffuso.ch\/fr\/albergo-diffuso\/\" class=\"custom-news-image-dimensions\">\n\t\t\t<img decoding=\"async\" width=\"2001\" height=\"1333\" src=\"https:\/\/corippoalbergodiffuso.ch\/wp-content\/uploads\/2022\/12\/9avvv_Id4l89AJVbypXQk5.webp\" class=\"attachment-100% size-100%\" alt=\"\" srcset=\"https:\/\/corippoalbergodiffuso.ch\/wp-content\/uploads\/2022\/12\/9avvv_Id4l89AJVbypXQk5.webp 2001w, https:\/\/corippoalbergodiffuso.ch\/wp-content\/uploads\/2022\/12\/9avvv_Id4l89AJVbypXQk5-300x200.webp 300w, https:\/\/corippoalbergodiffuso.ch\/wp-content\/uploads\/2022\/12\/9avvv_Id4l89AJVbypXQk5-1024x682.webp 1024w, https:\/\/corippoalbergodiffuso.ch\/wp-content\/uploads\/2022\/12\/9avvv_Id4l89AJVbypXQk5-768x512.webp 768w, https:\/\/corippoalbergodiffuso.ch\/wp-content\/uploads\/2022\/12\/9avvv_Id4l89AJVbypXQk5-1536x1023.webp 1536w, https:\/\/corippoalbergodiffuso.ch\/wp-content\/uploads\/2022\/12\/9avvv_Id4l89AJVbypXQk5-600x400.webp 600w\" sizes=\"(max-width: 2001px) 100vw, 2001px\" \/>\t\t<\/a>\n\t<\/div>\n<\/div>\t\t<div class=\"qodef-e-content\">\n\t\t\t<div class=\"qodef-e-info qodef-info--top\">\n\t\t\t\t<div itemprop=\"dateCreated\" class=\"qodef-e-info-item qodef-e-info-date entry-date \">\n\t<a itemprop=\"url\" href=\"https:\/\/corippoalbergodiffuso.ch\/fr\/2022\/07\/\">31 juillet 2022<\/a>\n\t<meta itemprop=\"interactionCount\" content=\"UserComments: 0\"\/>\n<\/div>\t\t\t<\/div>\n\t\t\t<div class=\"qodef-e-text\">\n\t\t\t\t<h3 itemprop=\"name\" class=\"qodef-e-title entry-title\" >\n\t<a itemprop=\"url\" class=\"qodef-e-title-link\" href=\"https:\/\/corippoalbergodiffuso.ch\/fr\/albergo-diffuso\/\">\n\t\tAlbergo diffuso\t<\/a>\n<\/h3>\t\t<p itemprop=\"description\" class=\"qodef-e-excerpt\">La renaissance d&#039;un village de montagne tessinois.<\/p>\n\t\t\t\t<\/div>\n\t\t\t\t\t\t\t<div class=\"qodef-e-info qodef-info--bottom\">\n\t\t\t\t\t\t<div class=\"qodef-e-read-more\">\n\t\t<a class=\"qodef-shortcode qodef-m  qodef-button qodef-layout--textual  qodef-html--link\" href=\"https:\/\/corippoalbergodiffuso.ch\/fr\/albergo-diffuso\/\" target=\"_self\"  >\t<span class=\"qodef-m-text\">Lire la suite<\/span>\t<span class=\"qodef-m-plus\"><\/span><\/a>\t<\/div>\n\t\t\t\t<\/div>\n\t\t\t\t\t<\/div>\n\t<\/div>\n<\/article><article class=\"qodef-e qodef-blog-item qodef-grid-item qodef-item--thumbnail post-7359 post type-post status-publish format-standard hentry category-revue-de-presse tag-accommodation-fr tag-ville tag-voyager\">\n\t<div class=\"qodef-e-inner\">\n\t\t<div class=\"qodef-e-media\">\n\t\t<div class=\"qodef-e-media-image\">\n\t\t<a itemprop=\"url\" href=\"https:\/\/corippoalbergodiffuso.ch\/fr\/plongee-dans-lhistoire-de-corippo\/\" class=\"custom-news-image-dimensions\">\n\t\t\t<img decoding=\"async\" width=\"1068\" height=\"1068\" src=\"https:\/\/corippoalbergodiffuso.ch\/wp-content\/uploads\/2022\/12\/albergo-diffuso-corippo-4-1.jpg\" class=\"attachment-100% size-100%\" alt=\"\" srcset=\"https:\/\/corippoalbergodiffuso.ch\/wp-content\/uploads\/2022\/12\/albergo-diffuso-corippo-4-1.jpg 1068w, https:\/\/corippoalbergodiffuso.ch\/wp-content\/uploads\/2022\/12\/albergo-diffuso-corippo-4-1-300x300.jpg 300w, https:\/\/corippoalbergodiffuso.ch\/wp-content\/uploads\/2022\/12\/albergo-diffuso-corippo-4-1-1024x1024.jpg 1024w, https:\/\/corippoalbergodiffuso.ch\/wp-content\/uploads\/2022\/12\/albergo-diffuso-corippo-4-1-150x150.jpg 150w, https:\/\/corippoalbergodiffuso.ch\/wp-content\/uploads\/2022\/12\/albergo-diffuso-corippo-4-1-768x768.jpg 768w, https:\/\/corippoalbergodiffuso.ch\/wp-content\/uploads\/2022\/12\/albergo-diffuso-corippo-4-1-650x650.jpg 650w, https:\/\/corippoalbergodiffuso.ch\/wp-content\/uploads\/2022\/12\/albergo-diffuso-corippo-4-1-600x600.jpg 600w, https:\/\/corippoalbergodiffuso.ch\/wp-content\/uploads\/2022\/12\/albergo-diffuso-corippo-4-1-100x100.jpg 100w\" sizes=\"(max-width: 1068px) 100vw, 1068px\" \/>\t\t<\/a>\n\t<\/div>\n<\/div>\t\t<div class=\"qodef-e-content\">\n\t\t\t<div class=\"qodef-e-info qodef-info--top\">\n\t\t\t\t<div itemprop=\"dateCreated\" class=\"qodef-e-info-item qodef-e-info-date entry-date \">\n\t<a itemprop=\"url\" href=\"https:\/\/corippoalbergodiffuso.ch\/fr\/2022\/06\/\">1 juin 2022<\/a>\n\t<meta itemprop=\"interactionCount\" content=\"UserComments: 0\"\/>\n<\/div>\t\t\t<\/div>\n\t\t\t<div class=\"qodef-e-text\">\n\t\t\t\t<h3 itemprop=\"name\" class=\"qodef-e-title entry-title\" >\n\t<a itemprop=\"url\" class=\"qodef-e-title-link\" href=\"https:\/\/corippoalbergodiffuso.ch\/fr\/plongee-dans-lhistoire-de-corippo\/\">\n\t\tPlong\u00e9e dans l&rsquo;histoire de Corippo\t<\/a>\n<\/h3>\t\t<p itemprop=\"description\" class=\"qodef-e-excerpt\">Les anciennes maisons rustiques de la vall\u00e9e de Verzasca se pr\u00e9parent \u00e0 accueillir de nouveaux h\u00f4tes.<\/p>\n\t\t\t\t<\/div>\n\t\t\t\t\t\t\t<div class=\"qodef-e-info qodef-info--bottom\">\n\t\t\t\t\t\t<div class=\"qodef-e-read-more\">\n\t\t<a class=\"qodef-shortcode qodef-m  qodef-button qodef-layout--textual  qodef-html--link\" href=\"https:\/\/corippoalbergodiffuso.ch\/fr\/plongee-dans-lhistoire-de-corippo\/\" target=\"_self\"  >\t<span class=\"qodef-m-text\">Lire la suite<\/span>\t<span class=\"qodef-m-plus\"><\/span><\/a>\t<\/div>\n\t\t\t\t<\/div>\n\t\t\t\t\t<\/div>\n\t<\/div>\n<\/article>\t<\/div>\n\t<\/div>\t\t<\/div>\n\t\t\t\t<\/div>\n\t\t\t\t\t<\/div>\n\t\t<\/div>\n\t\t\t\t\t\t\t<\/div>\n\t\t<\/section>\n\t\t\t\t\t<\/div>\n\t\t<\/div>\n\t\t\t\t\t\t\t<\/div>\n\t\t<\/section>\n\t\t\t\t\t\t\t<\/div>\n\t\t","protected":false},"excerpt":{"rendered":"<p>Actualit\u00e9, articles et interviews Montrer tout Actualit\u00e9 Revue de presse Articles 9 d\u00e9cembre 2022 Menu de No\u00ebl et de Nouvel an D\u00e9couvrez les menus Lire la suite 31 ao\u00fbt 2022 Comment ce village de montagne abandonn\u00e9 retrouve une nouvelle vie Dans le canton suisse du Tessin, une jeune famille transforme un village entier en h\u00f4tel. [&hellip;]<\/p>\n","protected":false},"author":1,"featured_media":0,"parent":0,"menu_order":0,"comment_status":"closed","ping_status":"closed","template":"","meta":{"footnotes":""},"class_list":["post-7335","page","type-page","status-publish","hentry"],"yoast_head":"<!-- This site is optimized with the Yoast SEO plugin v19.10 - https:\/\/yoast.com\/wordpress\/plugins\/seo\/ -->\n<title>Actualit\u00e9 - Corippo<\/title>\n<meta name=\"robots\" content=\"index, follow, max-snippet:-1, max-image-preview:large, max-video-preview:-1\" \/>\n<link rel=\"canonical\" href=\"https:\/\/corippoalbergodiffuso.ch\/fr\/actualite\/\" \/>\n<meta property=\"og:locale\" content=\"fr_FR\" \/>\n<meta property=\"og:type\" content=\"article\" \/>\n<meta property=\"og:title\" content=\"Actualit\u00e9 - Corippo\" \/>\n<meta property=\"og:description\" content=\"Actualit\u00e9, articles et interviews Montrer tout Actualit\u00e9 Revue de presse Articles 9 d\u00e9cembre 2022 Menu de No\u00ebl et de Nouvel an D\u00e9couvrez les menus Lire la suite 31 ao\u00fbt 2022 Comment ce village de montagne abandonn\u00e9 retrouve une nouvelle vie Dans le canton suisse du Tessin, une jeune famille transforme un village entier en h\u00f4tel. [&hellip;]\" \/>\n<meta property=\"og:url\" content=\"https:\/\/corippoalbergodiffuso.ch\/fr\/actualite\/\" \/>\n<meta property=\"og:site_name\" content=\"Corippo\" \/>\n<meta property=\"article:modified_time\" content=\"2022-12-20T15:38:56+00:00\" \/>\n<meta property=\"og:image\" content=\"https:\/\/www.corippoalbergodiffuso.ch\/wp-content\/uploads\/2022\/11\/notizie-evidenza-1.png\" \/>\n<meta name=\"twitter:card\" content=\"summary_large_image\" \/>\n<meta name=\"twitter:label1\" content=\"Dur\u00e9e de lecture estim\u00e9e\" \/>\n\t<meta name=\"twitter:data1\" content=\"2 minutes\" \/>\n<script type=\"application\/ld+json\" class=\"yoast-schema-graph\">{\"@context\":\"https:\/\/schema.org\",\"@graph\":[{\"@type\":\"WebPage\",\"@id\":\"https:\/\/corippoalbergodiffuso.ch\/fr\/actualite\/\",\"url\":\"https:\/\/corippoalbergodiffuso.ch\/fr\/actualite\/\",\"name\":\"Actualit\u00e9 - Corippo\",\"isPartOf\":{\"@id\":\"https:\/\/corippoalbergodiffuso.ch\/fr\/#website\"},\"datePublished\":\"2020-03-23T10:38:45+00:00\",\"dateModified\":\"2022-12-20T15:38:56+00:00\",\"breadcrumb\":{\"@id\":\"https:\/\/corippoalbergodiffuso.ch\/fr\/actualite\/#breadcrumb\"},\"inLanguage\":\"fr-FR\",\"potentialAction\":[{\"@type\":\"ReadAction\",\"target\":[\"https:\/\/corippoalbergodiffuso.ch\/fr\/actualite\/\"]}]},{\"@type\":\"BreadcrumbList\",\"@id\":\"https:\/\/corippoalbergodiffuso.ch\/fr\/actualite\/#breadcrumb\",\"itemListElement\":[{\"@type\":\"ListItem\",\"position\":1,\"name\":\"Home\",\"item\":\"https:\/\/corippoalbergodiffuso.ch\/it\/\"},{\"@type\":\"ListItem\",\"position\":2,\"name\":\"Actualit\u00e9\"}]},{\"@type\":\"WebSite\",\"@id\":\"https:\/\/corippoalbergodiffuso.ch\/fr\/#website\",\"url\":\"https:\/\/corippoalbergodiffuso.ch\/fr\/\",\"name\":\"Corippo\",\"description\":\"\",\"publisher\":{\"@id\":\"https:\/\/corippoalbergodiffuso.ch\/fr\/#organization\"},\"potentialAction\":[{\"@type\":\"SearchAction\",\"target\":{\"@type\":\"EntryPoint\",\"urlTemplate\":\"https:\/\/corippoalbergodiffuso.ch\/fr\/?s={search_term_string}\"},\"query-input\":\"required name=search_term_string\"}],\"inLanguage\":\"fr-FR\"},{\"@type\":\"Organization\",\"@id\":\"https:\/\/corippoalbergodiffuso.ch\/fr\/#organization\",\"name\":\"Corippo Albergo Diffuso\",\"url\":\"https:\/\/corippoalbergodiffuso.ch\/fr\/\",\"logo\":{\"@type\":\"ImageObject\",\"inLanguage\":\"fr-FR\",\"@id\":\"https:\/\/corippoalbergodiffuso.ch\/fr\/#\/schema\/logo\/image\/\",\"url\":\"https:\/\/corippoalbergodiffuso.ch\/wp-content\/uploads\/2022\/11\/logo-black.svg\",\"contentUrl\":\"https:\/\/corippoalbergodiffuso.ch\/wp-content\/uploads\/2022\/11\/logo-black.svg\",\"width\":100,\"height\":31,\"caption\":\"Corippo Albergo Diffuso\"},\"image\":{\"@id\":\"https:\/\/corippoalbergodiffuso.ch\/fr\/#\/schema\/logo\/image\/\"}}]}<\/script>\n<!-- \/ Yoast SEO plugin. -->","yoast_head_json":{"title":"Actualit\u00e9 - Corippo","robots":{"index":"index","follow":"follow","max-snippet":"max-snippet:-1","max-image-preview":"max-image-preview:large","max-video-preview":"max-video-preview:-1"},"canonical":"https:\/\/corippoalbergodiffuso.ch\/fr\/actualite\/","og_locale":"fr_FR","og_type":"article","og_title":"Actualit\u00e9 - Corippo","og_description":"Actualit\u00e9, articles et interviews Montrer tout Actualit\u00e9 Revue de presse Articles 9 d\u00e9cembre 2022 Menu de No\u00ebl et de Nouvel an D\u00e9couvrez les menus Lire la suite 31 ao\u00fbt 2022 Comment ce village de montagne abandonn\u00e9 retrouve une nouvelle vie Dans le canton suisse du Tessin, une jeune famille transforme un village entier en h\u00f4tel. [&hellip;]","og_url":"https:\/\/corippoalbergodiffuso.ch\/fr\/actualite\/","og_site_name":"Corippo","article_modified_time":"2022-12-20T15:38:56+00:00","og_image":[{"url":"https:\/\/www.corippoalbergodiffuso.ch\/wp-content\/uploads\/2022\/11\/notizie-evidenza-1.png"}],"twitter_card":"summary_large_image","twitter_misc":{"Dur\u00e9e de lecture estim\u00e9e":"2 minutes"},"schema":{"@context":"https:\/\/schema.org","@graph":[{"@type":"WebPage","@id":"https:\/\/corippoalbergodiffuso.ch\/fr\/actualite\/","url":"https:\/\/corippoalbergodiffuso.ch\/fr\/actualite\/","name":"Actualit\u00e9 - Corippo","isPartOf":{"@id":"https:\/\/corippoalbergodiffuso.ch\/fr\/#website"},"datePublished":"2020-03-23T10:38:45+00:00","dateModified":"2022-12-20T15:38:56+00:00","breadcrumb":{"@id":"https:\/\/corippoalbergodiffuso.ch\/fr\/actualite\/#breadcrumb"},"inLanguage":"fr-FR","potentialAction":[{"@type":"ReadAction","target":["https:\/\/corippoalbergodiffuso.ch\/fr\/actualite\/"]}]},{"@type":"BreadcrumbList","@id":"https:\/\/corippoalbergodiffuso.ch\/fr\/actualite\/#breadcrumb","itemListElement":[{"@type":"ListItem","position":1,"name":"Home","item":"https:\/\/corippoalbergodiffuso.ch\/it\/"},{"@type":"ListItem","position":2,"name":"Actualit\u00e9"}]},{"@type":"WebSite","@id":"https:\/\/corippoalbergodiffuso.ch\/fr\/#website","url":"https:\/\/corippoalbergodiffuso.ch\/fr\/","name":"Corippo","description":"","publisher":{"@id":"https:\/\/corippoalbergodiffuso.ch\/fr\/#organization"},"potentialAction":[{"@type":"SearchAction","target":{"@type":"EntryPoint","urlTemplate":"https:\/\/corippoalbergodiffuso.ch\/fr\/?s={search_term_string}"},"query-input":"required name=search_term_string"}],"inLanguage":"fr-FR"},{"@type":"Organization","@id":"https:\/\/corippoalbergodiffuso.ch\/fr\/#organization","name":"Corippo Albergo Diffuso","url":"https:\/\/corippoalbergodiffuso.ch\/fr\/","logo":{"@type":"ImageObject","inLanguage":"fr-FR","@id":"https:\/\/corippoalbergodiffuso.ch\/fr\/#\/schema\/logo\/image\/","url":"https:\/\/corippoalbergodiffuso.ch\/wp-content\/uploads\/2022\/11\/logo-black.svg","contentUrl":"https:\/\/corippoalbergodiffuso.ch\/wp-content\/uploads\/2022\/11\/logo-black.svg","width":100,"height":31,"caption":"Corippo Albergo Diffuso"},"image":{"@id":"https:\/\/corippoalbergodiffuso.ch\/fr\/#\/schema\/logo\/image\/"}}]}},"_links":{"self":[{"href":"https:\/\/corippoalbergodiffuso.ch\/fr\/wp-json\/wp\/v2\/pages\/7335","targetHints":{"allow":["GET"]}}],"collection":[{"href":"https:\/\/corippoalbergodiffuso.ch\/fr\/wp-json\/wp\/v2\/pages"}],"about":[{"href":"https:\/\/corippoalbergodiffuso.ch\/fr\/wp-json\/wp\/v2\/types\/page"}],"author":[{"embeddable":true,"href":"https:\/\/corippoalbergodiffuso.ch\/fr\/wp-json\/wp\/v2\/users\/1"}],"replies":[{"embeddable":true,"href":"https:\/\/corippoalbergodiffuso.ch\/fr\/wp-json\/wp\/v2\/comments?post=7335"}],"version-history":[{"count":9,"href":"https:\/\/corippoalbergodiffuso.ch\/fr\/wp-json\/wp\/v2\/pages\/7335\/revisions"}],"predecessor-version":[{"id":7842,"href":"https:\/\/corippoalbergodiffuso.ch\/fr\/wp-json\/wp\/v2\/pages\/7335\/revisions\/7842"}],"wp:attachment":[{"href":"https:\/\/corippoalbergodiffuso.ch\/fr\/wp-json\/wp\/v2\/media?parent=7335"}],"curies":[{"name":"wp","href":"https:\/\/api.w.org\/{rel}","templated":true}]}}