{"id":7345,"date":"2020-03-31T13:25:00","date_gmt":"2020-03-31T11:25:00","guid":{"rendered":"https:\/\/corippo.holodemo.it\/contact\/"},"modified":"2023-02-21T16:02:55","modified_gmt":"2023-02-21T15:02:55","slug":"contact","status":"publish","type":"page","link":"https:\/\/corippoalbergodiffuso.ch\/fr\/contact\/","title":{"rendered":"Contact"},"content":{"rendered":"\t\t<div data-elementor-type=\"wp-page\" data-elementor-id=\"7345\" class=\"elementor elementor-7345 elementor-2531\">\n\t\t\t\t\t\t\t\t\t<section class=\"elementor-section elementor-top-section elementor-element elementor-element-122d027 elementor-section-boxed elementor-section-height-default elementor-section-height-default qodef-elementor-content-no\" data-id=\"122d027\" data-element_type=\"section\">\n\t\t\t\t\t\t<div class=\"elementor-container elementor-column-gap-default\">\n\t\t\t\t\t<div class=\"elementor-column elementor-col-33 elementor-top-column elementor-element elementor-element-642cd1f elementor-invisible\" data-id=\"642cd1f\" data-element_type=\"column\" data-settings=\"{&quot;animation&quot;:&quot;fadeInLeft&quot;}\">\n\t\t\t<div class=\"elementor-widget-wrap elementor-element-populated\">\n\t\t\t\t\t\t\t\t<div class=\"elementor-element elementor-element-9229da7 elementor-widget elementor-widget-heading\" data-id=\"9229da7\" data-element_type=\"widget\" id=\"contact-us\" data-widget_type=\"heading.default\">\n\t\t\t\t<div class=\"elementor-widget-container\">\n\t\t\t<style>\/*! elementor - v3.7.8 - 02-10-2022 *\/\n.elementor-heading-title{padding:0;margin:0;line-height:1}.elementor-widget-heading .elementor-heading-title[class*=elementor-size-]>a{color:inherit;font-size:inherit;line-height:inherit}.elementor-widget-heading .elementor-heading-title.elementor-size-small{font-size:15px}.elementor-widget-heading .elementor-heading-title.elementor-size-medium{font-size:19px}.elementor-widget-heading .elementor-heading-title.elementor-size-large{font-size:29px}.elementor-widget-heading .elementor-heading-title.elementor-size-xl{font-size:39px}.elementor-widget-heading .elementor-heading-title.elementor-size-xxl{font-size:59px}<\/style><h2 class=\"elementor-heading-title elementor-size-default\">Contacts<\/h2>\t\t<\/div>\n\t\t\t\t<\/div>\n\t\t\t\t\t<\/div>\n\t\t<\/div>\n\t\t\t\t<div class=\"elementor-column elementor-col-66 elementor-top-column elementor-element elementor-element-0a4524a\" data-id=\"0a4524a\" data-element_type=\"column\">\n\t\t\t<div class=\"elementor-widget-wrap elementor-element-populated\">\n\t\t\t\t\t\t\t\t<div class=\"elementor-element elementor-element-dfb26eb elementor-widget elementor-widget-text-editor\" data-id=\"dfb26eb\" data-element_type=\"widget\" data-widget_type=\"text-editor.default\">\n\t\t\t\t<div class=\"elementor-widget-container\">\n\t\t\t<style>\/*! elementor - v3.7.8 - 02-10-2022 *\/\n.elementor-widget-text-editor.elementor-drop-cap-view-stacked .elementor-drop-cap{background-color:#818a91;color:#fff}.elementor-widget-text-editor.elementor-drop-cap-view-framed .elementor-drop-cap{color:#818a91;border:3px solid;background-color:transparent}.elementor-widget-text-editor:not(.elementor-drop-cap-view-default) .elementor-drop-cap{margin-top:8px}.elementor-widget-text-editor:not(.elementor-drop-cap-view-default) .elementor-drop-cap-letter{width:1em;height:1em}.elementor-widget-text-editor .elementor-drop-cap{float:left;text-align:center;line-height:1;font-size:50px}.elementor-widget-text-editor .elementor-drop-cap-letter{display:inline-block}<\/style>\t\t\t\t<p>ciao@corippoalbergodiffuso.ch<\/p>\n<p>+41 91 745 18 71<\/p>\n\t\t\t\t\t\t<\/div>\n\t\t\t\t<\/div>\n\t\t\t\t<div class=\"elementor-element elementor-element-3b0ed76 corippo-cf elementor-widget elementor-widget-qi_addons_for_elementor_contact_form_7\" data-id=\"3b0ed76\" data-element_type=\"widget\" data-widget_type=\"qi_addons_for_elementor_contact_form_7.default\">\n\t\t\t\t<div class=\"elementor-widget-container\">\n\t\t\t<div class=\"qodef-shortcode qodef-m  qodef-qi-contact-form-7 \">\n\t<div role=\"form\" class=\"wpcf7\" id=\"wpcf7-f7715-o1\" lang=\"fr-FR\" dir=\"ltr\">\n<div class=\"screen-reader-response\"><p role=\"status\" aria-live=\"polite\" aria-atomic=\"true\"><\/p> <ul><\/ul><\/div>\n<form action=\"\/fr\/wp-json\/wp\/v2\/pages\/7345#wpcf7-f7715-o1\" method=\"post\" class=\"wpcf7-form init\" novalidate=\"novalidate\" data-status=\"init\">\n<div style=\"display: none;\">\n<input type=\"hidden\" name=\"_wpcf7\" value=\"7715\" \/>\n<input type=\"hidden\" name=\"_wpcf7_version\" value=\"5.6.3\" \/>\n<input type=\"hidden\" name=\"_wpcf7_locale\" value=\"fr_FR\" \/>\n<input type=\"hidden\" name=\"_wpcf7_unit_tag\" value=\"wpcf7-f7715-o1\" \/>\n<input type=\"hidden\" name=\"_wpcf7_container_post\" value=\"0\" \/>\n<input type=\"hidden\" name=\"_wpcf7_posted_data_hash\" value=\"\" \/>\n<input type=\"hidden\" name=\"_wpcf7_recaptcha_response\" value=\"\" \/>\n<\/div>\n<div class=\"qodef-grid qodef-gutter--small\"><div class=\"qodef-grid-inner\"><div class=\"qodef-grid-item\">\n<label> Nom*\n    <span class=\"wpcf7-form-control-wrap\" data-name=\"your-name\"><input type=\"text\" name=\"your-name\" value=\"\" size=\"40\" class=\"wpcf7-form-control wpcf7-text wpcf7-validates-as-required\" aria-required=\"true\" aria-invalid=\"false\" \/><\/span> <\/label>\n<\/div><\/div><\/div>\n<div class=\"qodef-grid qodef-gutter--small\"><div class=\"qodef-grid-inner\"><div class=\"qodef-grid-item\">\n<label> E-mail*\n    <span class=\"wpcf7-form-control-wrap\" data-name=\"your-email\"><input type=\"email\" name=\"your-email\" value=\"\" size=\"40\" class=\"wpcf7-form-control wpcf7-text wpcf7-email wpcf7-validates-as-required wpcf7-validates-as-email\" aria-required=\"true\" aria-invalid=\"false\" \/><\/span> <\/label>\n<\/div><\/div><\/div>\n<div class=\"qodef-grid qodef-gutter--normal\"><div class=\"qodef-grid-inner\"><div class=\"qodef-grid-item\">\n<label> Message*\n    <span class=\"wpcf7-form-control-wrap\" data-name=\"your-message\"><textarea name=\"your-message\" cols=\"40\" rows=\"6\" class=\"wpcf7-form-control wpcf7-textarea wpcf7-validates-as-required\" aria-required=\"true\" aria-invalid=\"false\"><\/textarea><\/span> <\/label>\n<\/div><\/div><\/div>\n\n<button type=\"submit\" class=\"wpcf7-form-control wpcf7-submit slide qodef-button qodef-size--normal qodef-type--outlined qodef-m\"><span class=\"qodef-m-text\">envoyer le message<\/span><\/button><input type='hidden' class='wpcf7-pum' value='{\"closepopup\":false,\"closedelay\":0,\"openpopup\":false,\"openpopup_id\":0}' \/><div class=\"wpcf7-response-output\" aria-hidden=\"true\"><\/div><\/form><\/div><\/div>\n\t\t<\/div>\n\t\t\t\t<\/div>\n\t\t\t\t\t<\/div>\n\t\t<\/div>\n\t\t\t\t\t\t\t<\/div>\n\t\t<\/section>\n\t\t\t\t<section class=\"elementor-section elementor-top-section elementor-element elementor-element-cbc5d65 elementor-section-boxed elementor-section-height-default elementor-section-height-default qodef-elementor-content-no\" data-id=\"cbc5d65\" data-element_type=\"section\">\n\t\t\t\t\t\t<div class=\"elementor-container elementor-column-gap-default\">\n\t\t\t\t\t<div class=\"elementor-column elementor-col-100 elementor-top-column elementor-element elementor-element-2a62602\" data-id=\"2a62602\" data-element_type=\"column\">\n\t\t\t<div class=\"elementor-widget-wrap elementor-element-populated\">\n\t\t\t\t\t\t\t\t<div class=\"elementor-element elementor-element-56eda36 elementor-widget elementor-widget-spacer\" data-id=\"56eda36\" data-element_type=\"widget\" id=\"road-to-corippo\" data-widget_type=\"spacer.default\">\n\t\t\t\t<div class=\"elementor-widget-container\">\n\t\t\t<style>\/*! elementor - v3.7.8 - 02-10-2022 *\/\n.elementor-column .elementor-spacer-inner{height:var(--spacer-size)}.e-container{--container-widget-width:100%}.e-container>.elementor-widget-spacer{width:var(--container-widget-width,var(--spacer-size));-ms-flex-item-align:stretch;align-self:stretch;-ms-flex-negative:0;flex-shrink:0}.e-container>.elementor-widget-spacer>.elementor-widget-container,.e-container>.elementor-widget-spacer>.elementor-widget-container>.elementor-spacer{height:100%}.e-container>.elementor-widget-spacer>.elementor-widget-container>.elementor-spacer>.elementor-spacer-inner{height:var(--container-widget-height,var(--spacer-size))}<\/style>\t\t<div class=\"elementor-spacer\">\n\t\t\t<div class=\"elementor-spacer-inner\"><\/div>\n\t\t<\/div>\n\t\t\t\t<\/div>\n\t\t\t\t<\/div>\n\t\t\t\t\t<\/div>\n\t\t<\/div>\n\t\t\t\t\t\t\t<\/div>\n\t\t<\/section>\n\t\t\t\t<section class=\"elementor-section elementor-top-section elementor-element elementor-element-48c24dc elementor-section-boxed elementor-section-height-default elementor-section-height-default qodef-elementor-content-no\" data-id=\"48c24dc\" data-element_type=\"section\">\n\t\t\t\t\t\t<div class=\"elementor-container elementor-column-gap-default\">\n\t\t\t\t\t<div class=\"elementor-column elementor-col-33 elementor-top-column elementor-element elementor-element-ac9ca82 elementor-invisible\" data-id=\"ac9ca82\" data-element_type=\"column\" data-settings=\"{&quot;animation&quot;:&quot;fadeInLeft&quot;}\">\n\t\t\t<div class=\"elementor-widget-wrap elementor-element-populated\">\n\t\t\t\t\t\t\t\t<div class=\"elementor-element elementor-element-a98e847 elementor-widget elementor-widget-heading\" data-id=\"a98e847\" data-element_type=\"widget\" data-widget_type=\"heading.default\">\n\t\t\t\t<div class=\"elementor-widget-container\">\n\t\t\t<h2 class=\"elementor-heading-title elementor-size-default\">Comment arriver \u00e0 Corippo<\/h2>\t\t<\/div>\n\t\t\t\t<\/div>\n\t\t\t\t\t<\/div>\n\t\t<\/div>\n\t\t\t\t<div class=\"elementor-column elementor-col-66 elementor-top-column elementor-element elementor-element-67869bb\" data-id=\"67869bb\" data-element_type=\"column\">\n\t\t\t<div class=\"elementor-widget-wrap elementor-element-populated\">\n\t\t\t\t\t\t\t\t<div class=\"elementor-element elementor-element-19ddfe7 elementor-widget elementor-widget-text-editor\" data-id=\"19ddfe7\" data-element_type=\"widget\" data-widget_type=\"text-editor.default\">\n\t\t\t\t<div class=\"elementor-widget-container\">\n\t\t\t\t\t\t\t<p style=\"background-color: #171411;\">Venez nous trouver \u00e0 l&rsquo;albergo diffuso<\/p>\n<p style=\"background-color: #171411;\">23 Bassa Corippo<\/p>\n<p style=\"background-color: #171411;\">Corippo, 6631, Svizzera<\/p>\n<p style=\"background-color: #171411;\">\n<\/p><p style=\"background-color: #171411;\">Dans un esprit Slow Tourism, le meilleur moyen d\u2019arriver \u00e0 Corippo est \u00e0 pied : par les sentiers p\u00e9destres de la rive droite de la Verzasca, depuis Mergoscia (1h30) ou Lavertezzo (45 min). Depuis la gare de Tenero, le bus B321 vous emm\u00e8ne toutes les heures en 25 minutes \u00e0 l&rsquo;arr\u00eat de bus \u00ab\u00a0Corippo, Bivio \u00ab\u00a0, qui se trouve \u00e0 15 minutes de marche du village. En collaboration avec Ticino Turismo, vous b\u00e9n\u00e9ficierez du \u00ab\u00a0Ticino Ticket \u00a0\u00bb lors de votre arriv\u00e9e, il sera votre allier id\u00e9al pour vous d\u00e9placer gratuitement dans tout le canton pendant votre s\u00e9jour! Si vous souhaitez nous rejoindre en voiture, Corippo poss\u00e8de 15 places de parking public gratuites (mais tr\u00e8s pris\u00e9es). Vous pouvez aussi laisser votre v\u00e9hicule le long de la route qui m\u00e8ne au village.<\/p>\t\t\t\t\t\t<\/div>\n\t\t\t\t<\/div>\n\t\t\t\t<div class=\"elementor-element elementor-element-5c36734 corippo-maps elementor-widget elementor-widget-google_maps\" data-id=\"5c36734\" data-element_type=\"widget\" data-widget_type=\"google_maps.default\">\n\t\t\t\t<div class=\"elementor-widget-container\">\n\t\t\t<style>\/*! elementor - v3.7.8 - 02-10-2022 *\/\n.elementor-widget-google_maps .elementor-widget-container{overflow:hidden}.elementor-widget-google_maps iframe{height:300px}<\/style>\t\t<div class=\"elementor-custom-embed\">\n\t\t\t<iframe frameborder=\"0\" scrolling=\"no\" marginheight=\"0\" marginwidth=\"0\"\n\t\t\t\t\tsrc=\"https:\/\/maps.google.com\/maps?q=Bassa%20Corippo%2023%2C%206631%20Corippo%2C%20Svizzera&#038;t=m&#038;z=10&#038;output=embed&#038;iwloc=near\"\n\t\t\t\t\ttitle=\"Bassa Corippo 23, 6631 Corippo, Svizzera\"\n\t\t\t\t\taria-label=\"Bassa Corippo 23, 6631 Corippo, Svizzera\"\n\t\t\t><\/iframe>\n\t\t<\/div>\n\t\t\t\t<\/div>\n\t\t\t\t<\/div>\n\t\t\t\t\t<\/div>\n\t\t<\/div>\n\t\t\t\t\t\t\t<\/div>\n\t\t<\/section>\n\t\t\t\t<section class=\"elementor-section elementor-top-section elementor-element elementor-element-13520b4 elementor-section-boxed elementor-section-height-default elementor-section-height-default qodef-elementor-content-no\" data-id=\"13520b4\" data-element_type=\"section\">\n\t\t\t\t\t\t<div class=\"elementor-container elementor-column-gap-default\">\n\t\t\t\t\t<div class=\"elementor-column elementor-col-100 elementor-top-column elementor-element elementor-element-cdfec9e\" data-id=\"cdfec9e\" data-element_type=\"column\">\n\t\t\t<div class=\"elementor-widget-wrap elementor-element-populated\">\n\t\t\t\t\t\t\t\t<div class=\"elementor-element elementor-element-fa835c4 elementor-widget elementor-widget-spacer\" data-id=\"fa835c4\" data-element_type=\"widget\" data-widget_type=\"spacer.default\">\n\t\t\t\t<div class=\"elementor-widget-container\">\n\t\t\t\t\t<div class=\"elementor-spacer\">\n\t\t\t<div class=\"elementor-spacer-inner\"><\/div>\n\t\t<\/div>\n\t\t\t\t<\/div>\n\t\t\t\t<\/div>\n\t\t\t\t\t<\/div>\n\t\t<\/div>\n\t\t\t\t\t\t\t<\/div>\n\t\t<\/section>\n\t\t\t\t\t\t\t<\/div>\n\t\t","protected":false},"excerpt":{"rendered":"<p>Contacts ciao@corippoalbergodiffuso.ch +41 91 745 18 71 Nome* Email* Messaggio* Invia messaggio Comment arriver \u00e0 Corippo Venez nous trouver \u00e0 l&rsquo;albergo diffuso 23 Bassa Corippo Corippo, 6631, Svizzera Dans un esprit Slow Tourism, le meilleur moyen d\u2019arriver \u00e0 Corippo est \u00e0 pied : par les sentiers p\u00e9destres de la rive droite de la Verzasca, depuis [&hellip;]<\/p>\n","protected":false},"author":1,"featured_media":0,"parent":0,"menu_order":0,"comment_status":"closed","ping_status":"closed","template":"page-full-width.php","meta":{"footnotes":""},"class_list":["post-7345","page","type-page","status-publish","hentry"],"yoast_head":"<!-- This site is optimized with the Yoast SEO plugin v19.10 - https:\/\/yoast.com\/wordpress\/plugins\/seo\/ -->\n<title>Contact - Corippo<\/title>\n<meta name=\"robots\" content=\"index, follow, max-snippet:-1, max-image-preview:large, max-video-preview:-1\" \/>\n<link rel=\"canonical\" href=\"https:\/\/corippoalbergodiffuso.ch\/fr\/contact\/\" \/>\n<meta property=\"og:locale\" content=\"fr_FR\" \/>\n<meta property=\"og:type\" content=\"article\" \/>\n<meta property=\"og:title\" content=\"Contact - Corippo\" \/>\n<meta property=\"og:description\" content=\"Contacts ciao@corippoalbergodiffuso.ch +41 91 745 18 71 Nome* Email* Messaggio* Invia messaggio Comment arriver \u00e0 Corippo Venez nous trouver \u00e0 l&rsquo;albergo diffuso 23 Bassa Corippo Corippo, 6631, Svizzera Dans un esprit Slow Tourism, le meilleur moyen d\u2019arriver \u00e0 Corippo est \u00e0 pied : par les sentiers p\u00e9destres de la rive droite de la Verzasca, depuis [&hellip;]\" \/>\n<meta property=\"og:url\" content=\"https:\/\/corippoalbergodiffuso.ch\/fr\/contact\/\" \/>\n<meta property=\"og:site_name\" content=\"Corippo\" \/>\n<meta property=\"article:modified_time\" content=\"2023-02-21T15:02:55+00:00\" \/>\n<meta name=\"twitter:card\" content=\"summary_large_image\" \/>\n<meta name=\"twitter:label1\" content=\"Dur\u00e9e de lecture estim\u00e9e\" \/>\n\t<meta name=\"twitter:data1\" content=\"1 minute\" \/>\n<script type=\"application\/ld+json\" class=\"yoast-schema-graph\">{\"@context\":\"https:\/\/schema.org\",\"@graph\":[{\"@type\":\"WebPage\",\"@id\":\"https:\/\/corippoalbergodiffuso.ch\/fr\/contact\/\",\"url\":\"https:\/\/corippoalbergodiffuso.ch\/fr\/contact\/\",\"name\":\"Contact - Corippo\",\"isPartOf\":{\"@id\":\"https:\/\/corippoalbergodiffuso.ch\/fr\/#website\"},\"datePublished\":\"2020-03-31T11:25:00+00:00\",\"dateModified\":\"2023-02-21T15:02:55+00:00\",\"breadcrumb\":{\"@id\":\"https:\/\/corippoalbergodiffuso.ch\/fr\/contact\/#breadcrumb\"},\"inLanguage\":\"fr-FR\",\"potentialAction\":[{\"@type\":\"ReadAction\",\"target\":[\"https:\/\/corippoalbergodiffuso.ch\/fr\/contact\/\"]}]},{\"@type\":\"BreadcrumbList\",\"@id\":\"https:\/\/corippoalbergodiffuso.ch\/fr\/contact\/#breadcrumb\",\"itemListElement\":[{\"@type\":\"ListItem\",\"position\":1,\"name\":\"Home\",\"item\":\"https:\/\/corippoalbergodiffuso.ch\/it\/\"},{\"@type\":\"ListItem\",\"position\":2,\"name\":\"Contact\"}]},{\"@type\":\"WebSite\",\"@id\":\"https:\/\/corippoalbergodiffuso.ch\/fr\/#website\",\"url\":\"https:\/\/corippoalbergodiffuso.ch\/fr\/\",\"name\":\"Corippo\",\"description\":\"\",\"publisher\":{\"@id\":\"https:\/\/corippoalbergodiffuso.ch\/fr\/#organization\"},\"potentialAction\":[{\"@type\":\"SearchAction\",\"target\":{\"@type\":\"EntryPoint\",\"urlTemplate\":\"https:\/\/corippoalbergodiffuso.ch\/fr\/?s={search_term_string}\"},\"query-input\":\"required name=search_term_string\"}],\"inLanguage\":\"fr-FR\"},{\"@type\":\"Organization\",\"@id\":\"https:\/\/corippoalbergodiffuso.ch\/fr\/#organization\",\"name\":\"Corippo Albergo Diffuso\",\"url\":\"https:\/\/corippoalbergodiffuso.ch\/fr\/\",\"logo\":{\"@type\":\"ImageObject\",\"inLanguage\":\"fr-FR\",\"@id\":\"https:\/\/corippoalbergodiffuso.ch\/fr\/#\/schema\/logo\/image\/\",\"url\":\"https:\/\/corippoalbergodiffuso.ch\/wp-content\/uploads\/2022\/11\/logo-black.svg\",\"contentUrl\":\"https:\/\/corippoalbergodiffuso.ch\/wp-content\/uploads\/2022\/11\/logo-black.svg\",\"width\":100,\"height\":31,\"caption\":\"Corippo Albergo Diffuso\"},\"image\":{\"@id\":\"https:\/\/corippoalbergodiffuso.ch\/fr\/#\/schema\/logo\/image\/\"}}]}<\/script>\n<!-- \/ Yoast SEO plugin. -->","yoast_head_json":{"title":"Contact - Corippo","robots":{"index":"index","follow":"follow","max-snippet":"max-snippet:-1","max-image-preview":"max-image-preview:large","max-video-preview":"max-video-preview:-1"},"canonical":"https:\/\/corippoalbergodiffuso.ch\/fr\/contact\/","og_locale":"fr_FR","og_type":"article","og_title":"Contact - Corippo","og_description":"Contacts ciao@corippoalbergodiffuso.ch +41 91 745 18 71 Nome* Email* Messaggio* Invia messaggio Comment arriver \u00e0 Corippo Venez nous trouver \u00e0 l&rsquo;albergo diffuso 23 Bassa Corippo Corippo, 6631, Svizzera Dans un esprit Slow Tourism, le meilleur moyen d\u2019arriver \u00e0 Corippo est \u00e0 pied : par les sentiers p\u00e9destres de la rive droite de la Verzasca, depuis [&hellip;]","og_url":"https:\/\/corippoalbergodiffuso.ch\/fr\/contact\/","og_site_name":"Corippo","article_modified_time":"2023-02-21T15:02:55+00:00","twitter_card":"summary_large_image","twitter_misc":{"Dur\u00e9e de lecture estim\u00e9e":"1 minute"},"schema":{"@context":"https:\/\/schema.org","@graph":[{"@type":"WebPage","@id":"https:\/\/corippoalbergodiffuso.ch\/fr\/contact\/","url":"https:\/\/corippoalbergodiffuso.ch\/fr\/contact\/","name":"Contact - Corippo","isPartOf":{"@id":"https:\/\/corippoalbergodiffuso.ch\/fr\/#website"},"datePublished":"2020-03-31T11:25:00+00:00","dateModified":"2023-02-21T15:02:55+00:00","breadcrumb":{"@id":"https:\/\/corippoalbergodiffuso.ch\/fr\/contact\/#breadcrumb"},"inLanguage":"fr-FR","potentialAction":[{"@type":"ReadAction","target":["https:\/\/corippoalbergodiffuso.ch\/fr\/contact\/"]}]},{"@type":"BreadcrumbList","@id":"https:\/\/corippoalbergodiffuso.ch\/fr\/contact\/#breadcrumb","itemListElement":[{"@type":"ListItem","position":1,"name":"Home","item":"https:\/\/corippoalbergodiffuso.ch\/it\/"},{"@type":"ListItem","position":2,"name":"Contact"}]},{"@type":"WebSite","@id":"https:\/\/corippoalbergodiffuso.ch\/fr\/#website","url":"https:\/\/corippoalbergodiffuso.ch\/fr\/","name":"Corippo","description":"","publisher":{"@id":"https:\/\/corippoalbergodiffuso.ch\/fr\/#organization"},"potentialAction":[{"@type":"SearchAction","target":{"@type":"EntryPoint","urlTemplate":"https:\/\/corippoalbergodiffuso.ch\/fr\/?s={search_term_string}"},"query-input":"required name=search_term_string"}],"inLanguage":"fr-FR"},{"@type":"Organization","@id":"https:\/\/corippoalbergodiffuso.ch\/fr\/#organization","name":"Corippo Albergo Diffuso","url":"https:\/\/corippoalbergodiffuso.ch\/fr\/","logo":{"@type":"ImageObject","inLanguage":"fr-FR","@id":"https:\/\/corippoalbergodiffuso.ch\/fr\/#\/schema\/logo\/image\/","url":"https:\/\/corippoalbergodiffuso.ch\/wp-content\/uploads\/2022\/11\/logo-black.svg","contentUrl":"https:\/\/corippoalbergodiffuso.ch\/wp-content\/uploads\/2022\/11\/logo-black.svg","width":100,"height":31,"caption":"Corippo Albergo Diffuso"},"image":{"@id":"https:\/\/corippoalbergodiffuso.ch\/fr\/#\/schema\/logo\/image\/"}}]}},"_links":{"self":[{"href":"https:\/\/corippoalbergodiffuso.ch\/fr\/wp-json\/wp\/v2\/pages\/7345","targetHints":{"allow":["GET"]}}],"collection":[{"href":"https:\/\/corippoalbergodiffuso.ch\/fr\/wp-json\/wp\/v2\/pages"}],"about":[{"href":"https:\/\/corippoalbergodiffuso.ch\/fr\/wp-json\/wp\/v2\/types\/page"}],"author":[{"embeddable":true,"href":"https:\/\/corippoalbergodiffuso.ch\/fr\/wp-json\/wp\/v2\/users\/1"}],"replies":[{"embeddable":true,"href":"https:\/\/corippoalbergodiffuso.ch\/fr\/wp-json\/wp\/v2\/comments?post=7345"}],"version-history":[{"count":13,"href":"https:\/\/corippoalbergodiffuso.ch\/fr\/wp-json\/wp\/v2\/pages\/7345\/revisions"}],"predecessor-version":[{"id":8450,"href":"https:\/\/corippoalbergodiffuso.ch\/fr\/wp-json\/wp\/v2\/pages\/7345\/revisions\/8450"}],"wp:attachment":[{"href":"https:\/\/corippoalbergodiffuso.ch\/fr\/wp-json\/wp\/v2\/media?parent=7345"}],"curies":[{"name":"wp","href":"https:\/\/api.w.org\/{rel}","templated":true}]}}